{"id":907,"date":"2020-12-08T03:54:06","date_gmt":"2020-12-08T03:54:06","guid":{"rendered":"https:\/\/gaviaspreview.com\/wp\/kitecx\/?page_id=25"},"modified":"2020-12-08T03:54:06","modified_gmt":"2020-12-08T03:54:06","slug":"news","status":"publish","type":"page","link":"https:\/\/agakizimimarlik.vivabilgisayar.net\/?page_id=907","title":{"rendered":"News"},"content":{"rendered":"\t\t<div data-elementor-type=\"wp-page\" data-elementor-id=\"907\" class=\"elementor elementor-907\">\n\t\t\t\t\t\t<section class=\"elementor-section elementor-top-section elementor-element elementor-element-1fbe8dbc elementor-section-boxed elementor-section-height-default elementor-section-height-default row-top\" data-id=\"1fbe8dbc\" data-element_type=\"section\">\n\t\t\t\t\t\t<div class=\"elementor-container elementor-column-gap-default\">\n\t\t\t\t\t<div class=\"elementor-column elementor-col-100 elementor-top-column elementor-element elementor-element-505d4390 column-style-top\" data-id=\"505d4390\" data-element_type=\"column\">\n\t\t\t<div class=\"elementor-widget-wrap elementor-element-populated\">\n\t\t\t\t\t\t<div class=\"elementor-element elementor-element-962a554 elementor-widget elementor-widget-gva-posts\" data-id=\"962a554\" data-element_type=\"widget\" data-widget_type=\"gva-posts.default\">\n\t\t\t\t<div class=\"elementor-widget-container\">\n\t\t\t\t\t<div class=\"gva-element-gva-posts gva-element\">  \r\n  <div class=\"gva-posts-grid clearfix gva-posts\">\r\n\t\t<div class=\"gva-content-items\"> \r\n\t\t  <div class=\"lg-block-grid-3 md-block-grid-3 sm-block-grid-2 xs-block-grid-2 xx-block-grid-1\">\r\n\t\t\t \r\n<div class=\"all genel \">\r\n   <article id=\"post-1\" class=\"post post-style-1 post-1 type-post status-publish format-standard has-post-thumbnail hentry category-genel\">\r\n      <div class=\"post-thumbnail\">\r\n         <a href=\"https:\/\/agakizimimarlik.vivabilgisayar.net\/?p=1\">\r\n            <img fetchpriority=\"high\" decoding=\"async\" width=\"600\" height=\"470\" src=\"https:\/\/agakizimimarlik.vivabilgisayar.net\/wp-content\/uploads\/2025\/06\/Adsiz-tasarim-2025-06-23T134609.883-600x470.png\" class=\"attachment-post-thumbnail size-post-thumbnail wp-post-image\" alt=\"A\u011fak\u0131z\u0131 Mimarl\u0131k\u2019tan Do\u011fayla Uyumlu Proje\" \/>         <\/a>\r\n                     <div class=\"entry-date\">17 Haziran 2025<\/div>\r\n               <\/div>   \r\n\r\n      <div class=\"entry-content\">\r\n         <div class=\"content-inner\">\r\n            <div class=\"entry-meta\">\r\n               <div class=\"clearfix meta-inline post-meta-1\"><span class=\"author vcard\"><i class=\"far fa-user-circle\"><\/i>agakizimimarlik<\/span><\/div>            <\/div> \r\n            <h3 class=\"entry-title\"><a href=\"https:\/\/agakizimimarlik.vivabilgisayar.net\/?p=1\" rel=\"bookmark\">A\u011fak\u0131z\u0131 Mimarl\u0131k\u2019tan Do\u011fayla Uyumlu Proje<\/a><\/h3>\r\n                           <div class=\"entry-desc\">\r\n                  Mimari tasar\u0131mda s\u00fcrd\u00fcr\u00fclebilirlik ve do\u011fayla uyum ilkelerini merkeze alan Agak\u0131z\u0131 Mimarl\u0131k, son konut projesiyle dikkatleri               <\/div>   \r\n                        <div class=\"read-more\">\r\n               <a class=\"btn-inline\" href=\"https:\/\/agakizimimarlik.vivabilgisayar.net\/?p=1\">Read more<\/a>\r\n            <\/div>\r\n         <\/div>\r\n\r\n      <\/div>\r\n   <\/article>   \r\n<\/div>\r\n\r\n  \r\n<div class=\"all genel \">\r\n   <article id=\"post-922\" class=\"post post-style-1 post-922 type-post status-publish format-standard has-post-thumbnail hentry category-genel\">\r\n      <div class=\"post-thumbnail\">\r\n         <a href=\"https:\/\/agakizimimarlik.vivabilgisayar.net\/?p=922\">\r\n            <img decoding=\"async\" width=\"600\" height=\"470\" src=\"https:\/\/agakizimimarlik.vivabilgisayar.net\/wp-content\/uploads\/2025\/06\/Adsiz-tasarim-2025-06-23T134609.883-600x470.png\" class=\"attachment-post-thumbnail size-post-thumbnail wp-post-image\" alt=\"Ofis Tasar\u0131m\u0131nda Yeni Bir Soluk: A\u011fak\u0131z\u0131 \u0130mzas\u0131\" \/>         <\/a>\r\n                     <div class=\"entry-date\">8 Aral\u0131k 2020<\/div>\r\n               <\/div>   \r\n\r\n      <div class=\"entry-content\">\r\n         <div class=\"content-inner\">\r\n            <div class=\"entry-meta\">\r\n               <div class=\"clearfix meta-inline post-meta-1\"><span class=\"author vcard\"><i class=\"far fa-user-circle\"><\/i>agakizimimarlik<\/span><\/div>            <\/div> \r\n            <h3 class=\"entry-title\"><a href=\"https:\/\/agakizimimarlik.vivabilgisayar.net\/?p=922\" rel=\"bookmark\">Ofis Tasar\u0131m\u0131nda Yeni Bir Soluk: A\u011fak\u0131z\u0131 \u0130mzas\u0131<\/a><\/h3>\r\n                           <div class=\"entry-desc\">\r\n                  There are many variations of but the majority have simply free text available not suffered.               <\/div>   \r\n                        <div class=\"read-more\">\r\n               <a class=\"btn-inline\" href=\"https:\/\/agakizimimarlik.vivabilgisayar.net\/?p=922\">Read more<\/a>\r\n            <\/div>\r\n         <\/div>\r\n\r\n      <\/div>\r\n   <\/article>   \r\n<\/div>\r\n\r\n  \r\n<div class=\"all genel \">\r\n   <article id=\"post-921\" class=\"post post-style-1 post-921 type-post status-publish format-standard has-post-thumbnail hentry category-genel\">\r\n      <div class=\"post-thumbnail\">\r\n         <a href=\"https:\/\/agakizimimarlik.vivabilgisayar.net\/?p=921\">\r\n            <img decoding=\"async\" width=\"600\" height=\"470\" src=\"https:\/\/agakizimimarlik.vivabilgisayar.net\/wp-content\/uploads\/2025\/06\/Adsiz-tasarim-2025-06-23T134609.883-600x470.png\" class=\"attachment-post-thumbnail size-post-thumbnail wp-post-image\" alt=\"Gen\u00e7 Mimarlar\u0131n \u0130lham Kayna\u011f\u0131: A\u011fak\u0131z\u0131 Mimarl\u0131k R\u00f6portaj\u0131\" \/>         <\/a>\r\n                     <div class=\"entry-date\">8 Aral\u0131k 2020<\/div>\r\n               <\/div>   \r\n\r\n      <div class=\"entry-content\">\r\n         <div class=\"content-inner\">\r\n            <div class=\"entry-meta\">\r\n               <div class=\"clearfix meta-inline post-meta-1\"><span class=\"author vcard\"><i class=\"far fa-user-circle\"><\/i>agakizimimarlik<\/span><\/div>            <\/div> \r\n            <h3 class=\"entry-title\"><a href=\"https:\/\/agakizimimarlik.vivabilgisayar.net\/?p=921\" rel=\"bookmark\">Gen\u00e7 Mimarlar\u0131n \u0130lham Kayna\u011f\u0131: A\u011fak\u0131z\u0131 Mimarl\u0131k R\u00f6portaj\u0131<\/a><\/h3>\r\n                           <div class=\"entry-desc\">\r\n                  There are many variations of but the majority have simply free text available not suffered.               <\/div>   \r\n                        <div class=\"read-more\">\r\n               <a class=\"btn-inline\" href=\"https:\/\/agakizimimarlik.vivabilgisayar.net\/?p=921\">Read more<\/a>\r\n            <\/div>\r\n         <\/div>\r\n\r\n      <\/div>\r\n   <\/article>   \r\n<\/div>\r\n\r\n  \t\t  <\/div>\r\n\t\t<\/div>\r\n\t\t\t\t\t <div class=\"pagination\">\r\n\t\t\t\t  \t\t\t <\/div>\r\n\t\t  <\/div>\r\n  <\/div>\t\t\t\t<\/div>\n\t\t\t\t<\/div>\n\t\t\t\t\t<\/div>\n\t\t<\/div>\n\t\t\t\t\t<\/div>\n\t\t<\/section>\n\t\t\t\t<\/div>\n\t\t\n    <div class=\"xs_social_share_widget xs_share_url after_content \t\tmain_content  wslu-style-1 wslu-share-box-shaped wslu-fill-colored wslu-none wslu-share-horizontal wslu-theme-font-no wslu-main_content\">\n\n\t\t\n        <ul>\n\t\t\t        <\/ul>\n    <\/div> \n","protected":false},"excerpt":{"rendered":"<p>8 Dec, 2020 admin0 Comments Donation is Hope for Poor Childrens There are many variations of but the majority have simply free text available not suffered. Read more 8 Dec, [&hellip;]<\/p>\n","protected":false},"author":1,"featured_media":0,"parent":0,"menu_order":0,"comment_status":"closed","ping_status":"closed","template":"","meta":{"_eb_attr":"","postBodyCss":"","postBodyMargin":[],"postBodyPadding":[],"postBodyBackground":{"backgroundType":"classic","gradient":""},"footnotes":""},"class_list":["post-907","page","type-page","status-publish","hentry"],"_links":{"self":[{"href":"https:\/\/agakizimimarlik.vivabilgisayar.net\/index.php?rest_route=\/wp\/v2\/pages\/907","targetHints":{"allow":["GET"]}}],"collection":[{"href":"https:\/\/agakizimimarlik.vivabilgisayar.net\/index.php?rest_route=\/wp\/v2\/pages"}],"about":[{"href":"https:\/\/agakizimimarlik.vivabilgisayar.net\/index.php?rest_route=\/wp\/v2\/types\/page"}],"author":[{"embeddable":true,"href":"https:\/\/agakizimimarlik.vivabilgisayar.net\/index.php?rest_route=\/wp\/v2\/users\/1"}],"replies":[{"embeddable":true,"href":"https:\/\/agakizimimarlik.vivabilgisayar.net\/index.php?rest_route=%2Fwp%2Fv2%2Fcomments&post=907"}],"version-history":[{"count":0,"href":"https:\/\/agakizimimarlik.vivabilgisayar.net\/index.php?rest_route=\/wp\/v2\/pages\/907\/revisions"}],"wp:attachment":[{"href":"https:\/\/agakizimimarlik.vivabilgisayar.net\/index.php?rest_route=%2Fwp%2Fv2%2Fmedia&parent=907"}],"curies":[{"name":"wp","href":"https:\/\/api.w.org\/{rel}","templated":true}]}}